{"id":1718,"date":"2022-10-21T13:36:10","date_gmt":"2022-10-21T11:36:10","guid":{"rendered":"https:\/\/theme.madsparrow.me\/most\/?page_id=1718"},"modified":"2023-04-11T11:08:51","modified_gmt":"2023-04-11T09:08:51","slug":"personal-cv","status":"publish","type":"page","link":"https:\/\/designdaniel.cz\/?page_id=1718","title":{"rendered":"O mn\u011b"},"content":{"rendered":"\t\t<div data-elementor-type=\"wp-page\" data-elementor-id=\"1718\" class=\"elementor elementor-1718\">\n\t\t\t\t\t\t<section class=\"elementor-section elementor-top-section elementor-element elementor-element-9f5181a elementor-section-boxed elementor-section-height-default elementor-section-height-default\" data-id=\"9f5181a\" data-element_type=\"section\" data-e-type=\"section\">\n\t\t\t\t\t\t<div class=\"elementor-container elementor-column-gap-extended\">\n\t\t\t\t\t<div class=\"elementor-column elementor-col-100 elementor-top-column elementor-element elementor-element-e397ea5\" data-id=\"e397ea5\" data-element_type=\"column\" data-e-type=\"column\">\n\t\t\t<div class=\"elementor-widget-wrap elementor-element-populated\">\n\t\t\t\t\t\t<div class=\"elementor-element elementor-element-f947488 elementor-widget elementor-widget-spacer\" data-id=\"f947488\" data-element_type=\"widget\" data-e-type=\"widget\" data-widget_type=\"spacer.default\">\n\t\t\t\t<div class=\"elementor-widget-container\">\n\t\t\t\t\t\t\t<div class=\"elementor-spacer\">\n\t\t\t<div class=\"elementor-spacer-inner\"><\/div>\n\t\t<\/div>\n\t\t\t\t\t\t<\/div>\n\t\t\t\t<\/div>\n\t\t\t\t<section class=\"elementor-section elementor-inner-section elementor-element elementor-element-73b5b0f elementor-section-full_width elementor-section-height-default elementor-section-height-default\" data-id=\"73b5b0f\" data-element_type=\"section\" data-e-type=\"section\" data-settings=\"{&quot;background_background&quot;:&quot;classic&quot;}\">\n\t\t\t\t\t\t<div class=\"elementor-container elementor-column-gap-wide\">\n\t\t\t\t\t<div class=\"elementor-column elementor-col-50 elementor-inner-column elementor-element elementor-element-a64819d has-sticky-column\" data-id=\"a64819d\" data-element_type=\"column\" data-e-type=\"column\">\n\t\t\t<div class=\"elementor-widget-wrap elementor-element-populated\">\n\t\t\t\t\t\t<div class=\"elementor-element elementor-element-5029198 elementor-invisible elementor-widget elementor-widget-image\" data-id=\"5029198\" data-element_type=\"widget\" data-e-type=\"widget\" data-settings=\"{&quot;_animation&quot;:&quot;pulse&quot;}\" data-widget_type=\"image.default\">\n\t\t\t\t<div class=\"elementor-widget-container\">\n\t\t\t\t\t\t\t\t\t\t\t\t\t\t\t<img fetchpriority=\"high\" decoding=\"async\" width=\"719\" height=\"1024\" src=\"https:\/\/designdaniel.cz\/wp-content\/uploads\/2022\/10\/blurred-silhouette-man-looking-aside_most-scaled-1.jpg\" class=\"attachment-large size-large wp-image-1721\" alt=\"\" \/>\t\t\t\t\t\t\t\t\t\t\t\t\t\t\t<\/div>\n\t\t\t\t<\/div>\n\t\t\t\t\t<\/div>\n\t\t<\/div>\n\t\t\t\t<div class=\"elementor-column elementor-col-50 elementor-inner-column elementor-element elementor-element-bea6111\" data-id=\"bea6111\" data-element_type=\"column\" data-e-type=\"column\">\n\t\t\t<div class=\"elementor-widget-wrap elementor-element-populated\">\n\t\t\t\t\t\t<div class=\"elementor-element elementor-element-15aa248 elementor-invisible elementor-widget elementor-widget-heading\" data-id=\"15aa248\" data-element_type=\"widget\" data-e-type=\"widget\" data-settings=\"{&quot;_animation&quot;:&quot;fadeIn&quot;}\" data-widget_type=\"heading.default\">\n\t\t\t\t<div class=\"elementor-widget-container\">\n\t\t\t\t\t<h1 class=\"elementor-heading-title elementor-size-default\">Daniel Tesa\u0159<\/h1>\t\t\t\t<\/div>\n\t\t\t\t<\/div>\n\t\t\t\t<div class=\"elementor-element elementor-element-5662817 elementor-widget elementor-widget-text-editor\" data-id=\"5662817\" data-element_type=\"widget\" data-e-type=\"widget\" data-widget_type=\"text-editor.default\">\n\t\t\t\t<div class=\"elementor-widget-container\">\n\t\t\t\t\t\t\t\t\t<p><em><span style=\"color: #ef5d39;\">27 let \u00a0<\/span><span style=\"color: #808080;\"> \/<\/span>\u00a0 \u00a0<span style=\"color: #ef5d39;\">\u010c.Bud\u011bjovice\u00a0<\/span> \u00a0<span style=\"color: #808080;\">\/<\/span>\u00a0 \u00a0<span style=\"color: #ef5d39;\">Freelance<\/span><\/em><\/p>\t\t\t\t\t\t\t\t<\/div>\n\t\t\t\t<\/div>\n\t\t\t\t<div class=\"elementor-element elementor-element-2594f80 elementor-widget elementor-widget-text-editor\" data-id=\"2594f80\" data-element_type=\"widget\" data-e-type=\"widget\" data-widget_type=\"text-editor.default\">\n\t\t\t\t<div class=\"elementor-widget-container\">\n\t\t\t\t\t\t\t\t\t<p style=\"font-style: normal; font-variant-ligatures: normal; font-variant-caps: normal; font-weight: 400; font-size: 19px; font-family: 'Raleway Flex', Raleway-Fallback, sans-serif; padding-bottom: 1rem; max-width: var(--global--spacing-measure); caret-color: rgba(255, 255, 255, 0.8);\"><span style=\"font-style: normal; font-variant-caps: normal; font-size: 19px; font-family: 'Raleway Flex', Raleway-Fallback, sans-serif; max-width: var(--global--spacing-measure);\">Ji\u017e p\u0159es 7 let se zab\u00fdv\u00e1m 2D grafikou, za tu dobu jsem nast\u0159\u00e1dal mnoho zku\u0161enost\u00ed. Jsem schopen vytvo\u0159it let\u00e1k, bro\u017euru, vizitky, logo, brand manu\u00e1l, webdesign ale t\u0159eba i 2D grafiku p\u0159en\u00e9st na 3D model pro v\u00e1\u0161 v\u00fdrobek a mnoho dal\u0161\u00edho.Ve 2D pracuji prim\u00e1rn\u011b v Adobe Illustrator, Adobe Photoshop a Adobe Indesign.\u00a0<\/span><\/p>\n<p style=\"font-style: normal; font-variant-ligatures: normal; font-variant-caps: normal; font-weight: 400; font-size: 19px; font-family: 'Raleway Flex', Raleway-Fallback, sans-serif; padding-bottom: 1rem; max-width: var(--global--spacing-measure); caret-color: rgba(255, 255, 255, 0.8);\">Fotografov\u00e1n\u00edm se zab\u00fdv\u00e1m p\u0159es 10 let.<\/p>\n<p style=\"font-style: normal; font-variant-ligatures: normal; font-variant-caps: normal; font-weight: 400; font-size: 19px; font-family: 'Raleway Flex', Raleway-Fallback, sans-serif; padding-bottom: 1rem; max-width: var(--global--spacing-measure); caret-color: rgba(255, 255, 255, 0.8); \">Nejrad\u011bji fot\u00edm krajiny \/ portr\u00e9ty \/ dom\u00e1c\u00ed mazl\u00ed\u010dky, ale r\u00e1d se nech\u00e1m vyzvat n\u011bjakou zaj\u00edmavou v\u00fdzvou. S fotkami pracuji v Adobe Photoshop a Adobe Lightroom.<\/p>\t\t\t\t\t\t\t\t<\/div>\n\t\t\t\t<\/div>\n\t\t\t\t<div class=\"elementor-element elementor-element-d4fca80 elementor-invisible elementor-widget elementor-widget-heading\" data-id=\"d4fca80\" data-element_type=\"widget\" data-e-type=\"widget\" data-settings=\"{&quot;_animation&quot;:&quot;fadeIn&quot;}\" data-widget_type=\"heading.default\">\n\t\t\t\t<div class=\"elementor-widget-container\">\n\t\t\t\t\t<h2 class=\"elementor-heading-title elementor-size-default\">Moje slu\u017eby<\/h2>\t\t\t\t<\/div>\n\t\t\t\t<\/div>\n\t\t\t\t<section class=\"elementor-section elementor-inner-section elementor-element elementor-element-fbb58a3 elementor-section-full_width elementor-section-height-default elementor-section-height-default\" data-id=\"fbb58a3\" data-element_type=\"section\" data-e-type=\"section\">\n\t\t\t\t\t\t<div class=\"elementor-container elementor-column-gap-no\">\n\t\t\t\t\t<div class=\"elementor-column elementor-col-50 elementor-inner-column elementor-element elementor-element-9cc9dda\" data-id=\"9cc9dda\" data-element_type=\"column\" data-e-type=\"column\">\n\t\t\t<div class=\"elementor-widget-wrap elementor-element-populated\">\n\t\t\t\t\t\t<div class=\"elementor-element elementor-element-6f48c81 elementor-invisible elementor-widget elementor-widget-services\" data-id=\"6f48c81\" data-element_type=\"widget\" data-e-type=\"widget\" data-settings=\"{&quot;_animation&quot;:&quot;fadeIn&quot;}\" data-widget_type=\"services.default\">\n\t\t\t\t<div class=\"elementor-widget-container\">\n\t\t\t\t\t        \r\n        <div class=\"ms-sb img-top\">\r\n\r\n            \r\n                <div class=\"ms-sb--img default\">\r\n                                            <img decoding=\"async\" src=\"https:\/\/designdaniel.cz\/wp-content\/uploads\/elementor\/thumbs\/Grafika-e1679954400792-qhdrlyo1u0tw9p19kwzrberatn3q8zvgn05tkdbo28.png\" title=\"Grafika\" alt=\"Grafika\" loading=\"lazy\" \/>                                    <\/div>\r\n\r\n            \r\n            <div class=\"ms-sb--inner\">\r\n                                    <h4 class=\"ms-sb--title\">\r\n                                                    <span>Grafick\u00fd design<\/span>\r\n                                            <\/h4>\r\n                                            <\/div>\r\n\r\n        <\/div>\r\n\r\n        \t\t\t\t<\/div>\n\t\t\t\t<\/div>\n\t\t\t\t\t<\/div>\n\t\t<\/div>\n\t\t\t\t<div class=\"elementor-column elementor-col-50 elementor-inner-column elementor-element elementor-element-7bc4111\" data-id=\"7bc4111\" data-element_type=\"column\" data-e-type=\"column\">\n\t\t\t<div class=\"elementor-widget-wrap elementor-element-populated\">\n\t\t\t\t\t\t<div class=\"elementor-element elementor-element-1014560 elementor-invisible elementor-widget elementor-widget-services\" data-id=\"1014560\" data-element_type=\"widget\" data-e-type=\"widget\" data-settings=\"{&quot;_animation&quot;:&quot;fadeIn&quot;}\" data-widget_type=\"services.default\">\n\t\t\t\t<div class=\"elementor-widget-container\">\n\t\t\t\t\t        \r\n        <div class=\"ms-sb img-top\">\r\n\r\n            \r\n                <div class=\"ms-sb--img default\">\r\n                                            <img decoding=\"async\" src=\"https:\/\/designdaniel.cz\/wp-content\/uploads\/elementor\/thumbs\/Foto-qhdrlvuj9iq1av5d1drvlxgx1hhmlwk9mm7d4jfukw.png\" title=\"Foto\" alt=\"Foto\" loading=\"lazy\" \/>                                    <\/div>\r\n\r\n            \r\n            <div class=\"ms-sb--inner\">\r\n                                    <h4 class=\"ms-sb--title\">\r\n                                                    <span>Fotografov\u00e1n\u00ed<\/span>\r\n                                            <\/h4>\r\n                                            <\/div>\r\n\r\n        <\/div>\r\n\r\n        \t\t\t\t<\/div>\n\t\t\t\t<\/div>\n\t\t\t\t\t<\/div>\n\t\t<\/div>\n\t\t\t\t\t<\/div>\n\t\t<\/section>\n\t\t\t\t<section class=\"elementor-section elementor-inner-section elementor-element elementor-element-90d0a9a elementor-section-full_width elementor-section-height-default elementor-section-height-default\" data-id=\"90d0a9a\" data-element_type=\"section\" data-e-type=\"section\">\n\t\t\t\t\t\t<div class=\"elementor-container elementor-column-gap-no\">\n\t\t\t\t\t<div class=\"elementor-column elementor-col-50 elementor-inner-column elementor-element elementor-element-31d06fa\" data-id=\"31d06fa\" data-element_type=\"column\" data-e-type=\"column\">\n\t\t\t<div class=\"elementor-widget-wrap elementor-element-populated\">\n\t\t\t\t\t\t<div class=\"elementor-element elementor-element-f1aef2a elementor-invisible elementor-widget elementor-widget-services\" data-id=\"f1aef2a\" data-element_type=\"widget\" data-e-type=\"widget\" data-settings=\"{&quot;_animation&quot;:&quot;fadeIn&quot;}\" data-widget_type=\"services.default\">\n\t\t\t\t<div class=\"elementor-widget-container\">\n\t\t\t\t\t        \r\n        <div class=\"ms-sb img-top\">\r\n\r\n            \r\n                <div class=\"ms-sb--img default\">\r\n                                            <img decoding=\"async\" src=\"https:\/\/designdaniel.cz\/wp-content\/uploads\/elementor\/thumbs\/Video-qhdrollr0afuub7d6k12t8sutk3sufcco21v1bewls.png\" title=\"Video\" alt=\"Video\" loading=\"lazy\" \/>                                    <\/div>\r\n\r\n            \r\n            <div class=\"ms-sb--inner\">\r\n                                    <h4 class=\"ms-sb--title\">\r\n                                                    <span>Video<\/span>\r\n                                            <\/h4>\r\n                                            <\/div>\r\n\r\n        <\/div>\r\n\r\n        \t\t\t\t<\/div>\n\t\t\t\t<\/div>\n\t\t\t\t\t<\/div>\n\t\t<\/div>\n\t\t\t\t<div class=\"elementor-column elementor-col-50 elementor-inner-column elementor-element elementor-element-df87e23\" data-id=\"df87e23\" data-element_type=\"column\" data-e-type=\"column\">\n\t\t\t<div class=\"elementor-widget-wrap\">\n\t\t\t\t\t\t\t<\/div>\n\t\t<\/div>\n\t\t\t\t\t<\/div>\n\t\t<\/section>\n\t\t\t\t<div class=\"elementor-element elementor-element-6b1cc05 elementor-widget-divider--view-line elementor-widget elementor-widget-divider\" data-id=\"6b1cc05\" data-element_type=\"widget\" data-e-type=\"widget\" data-widget_type=\"divider.default\">\n\t\t\t\t<div class=\"elementor-widget-container\">\n\t\t\t\t\t\t\t<div class=\"elementor-divider\">\n\t\t\t<span class=\"elementor-divider-separator\">\n\t\t\t\t\t\t<\/span>\n\t\t<\/div>\n\t\t\t\t\t\t<\/div>\n\t\t\t\t<\/div>\n\t\t\t\t<div class=\"elementor-element elementor-element-a2f71be elementor-invisible elementor-widget elementor-widget-heading\" data-id=\"a2f71be\" data-element_type=\"widget\" data-e-type=\"widget\" data-settings=\"{&quot;_animation&quot;:&quot;fadeIn&quot;}\" data-widget_type=\"heading.default\">\n\t\t\t\t<div class=\"elementor-widget-container\">\n\t\t\t\t\t<h2 class=\"elementor-heading-title elementor-size-default\">Reference<\/h2>\t\t\t\t<\/div>\n\t\t\t\t<\/div>\n\t\t\t\t<div class=\"elementor-element elementor-element-4f38aee elementor-invisible elementor-widget elementor-widget-image-gallery\" data-id=\"4f38aee\" data-element_type=\"widget\" data-e-type=\"widget\" data-settings=\"{&quot;_animation&quot;:&quot;fadeInUp&quot;}\" data-widget_type=\"image-gallery.default\">\n\t\t\t\t<div class=\"elementor-widget-container\">\n\t\t\t\t\t\t\t<div class=\"elementor-image-gallery\">\n\t\t\t<div id='gallery-1' class='gallery galleryid-1718 gallery-columns-3 gallery-size-large'><figure class='gallery-item'>\n\t\t\t<div class='gallery-icon landscape'>\n\t\t\t\t<img decoding=\"async\" width=\"300\" height=\"243\" src=\"https:\/\/designdaniel.cz\/wp-content\/uploads\/2023\/03\/Judo_cesky_svaz-1.png\" class=\"attachment-large size-large\" alt=\"\" \/>\n\t\t\t<\/div><\/figure><figure class='gallery-item'>\n\t\t\t<div class='gallery-icon landscape'>\n\t\t\t\t<img decoding=\"async\" width=\"300\" height=\"243\" src=\"https:\/\/designdaniel.cz\/wp-content\/uploads\/2023\/03\/CBauto.png\" class=\"attachment-large size-large\" alt=\"\" \/>\n\t\t\t<\/div><\/figure><figure class='gallery-item'>\n\t\t\t<div class='gallery-icon landscape'>\n\t\t\t\t<img loading=\"lazy\" decoding=\"async\" width=\"300\" height=\"243\" src=\"https:\/\/designdaniel.cz\/wp-content\/uploads\/2023\/03\/ProTeren.png\" class=\"attachment-large size-large\" alt=\"\" \/>\n\t\t\t<\/div><\/figure><figure class='gallery-item'>\n\t\t\t<div class='gallery-icon landscape'>\n\t\t\t\t<img loading=\"lazy\" decoding=\"async\" width=\"300\" height=\"243\" src=\"https:\/\/designdaniel.cz\/wp-content\/uploads\/2023\/03\/Oktagon.png\" class=\"attachment-large size-large\" alt=\"\" \/>\n\t\t\t<\/div><\/figure><figure class='gallery-item'>\n\t\t\t<div class='gallery-icon landscape'>\n\t\t\t\t<img loading=\"lazy\" decoding=\"async\" width=\"300\" height=\"243\" src=\"https:\/\/designdaniel.cz\/wp-content\/uploads\/2023\/03\/dailymix.png\" class=\"attachment-large size-large\" alt=\"\" \/>\n\t\t\t<\/div><\/figure><figure class='gallery-item'>\n\t\t\t<div class='gallery-icon landscape'>\n\t\t\t\t<img loading=\"lazy\" decoding=\"async\" width=\"300\" height=\"243\" src=\"https:\/\/designdaniel.cz\/wp-content\/uploads\/2023\/03\/Hopi.png\" class=\"attachment-large size-large\" alt=\"\" \/>\n\t\t\t<\/div><\/figure><figure class='gallery-item'>\n\t\t\t<div class='gallery-icon landscape'>\n\t\t\t\t<img loading=\"lazy\" decoding=\"async\" width=\"300\" height=\"243\" src=\"https:\/\/designdaniel.cz\/wp-content\/uploads\/2023\/03\/CBD_GROUP.png\" class=\"attachment-large size-large\" alt=\"\" \/>\n\t\t\t<\/div><\/figure><figure class='gallery-item'>\n\t\t\t<div class='gallery-icon landscape'>\n\t\t\t\t<img loading=\"lazy\" decoding=\"async\" width=\"300\" height=\"243\" src=\"https:\/\/designdaniel.cz\/wp-content\/uploads\/2023\/03\/Ketomix.png\" class=\"attachment-large size-large\" alt=\"\" \/>\n\t\t\t<\/div><\/figure><figure class='gallery-item'>\n\t\t\t<div class='gallery-icon landscape'>\n\t\t\t\t<img loading=\"lazy\" decoding=\"async\" width=\"300\" height=\"243\" src=\"https:\/\/designdaniel.cz\/wp-content\/uploads\/2023\/03\/SimplyMix-4.png\" class=\"attachment-large size-large\" alt=\"\" \/>\n\t\t\t<\/div><\/figure>\n\t\t<\/div>\n\t\t<\/div>\n\t\t\t\t\t\t<\/div>\n\t\t\t\t<\/div>\n\t\t\t\t\t<\/div>\n\t\t<\/div>\n\t\t\t\t\t<\/div>\n\t\t<\/section>\n\t\t\t\t<div class=\"elementor-element elementor-element-b458126 elementor-widget elementor-widget-spacer\" data-id=\"b458126\" data-element_type=\"widget\" data-e-type=\"widget\" data-widget_type=\"spacer.default\">\n\t\t\t\t<div class=\"elementor-widget-container\">\n\t\t\t\t\t\t\t<div class=\"elementor-spacer\">\n\t\t\t<div class=\"elementor-spacer-inner\"><\/div>\n\t\t<\/div>\n\t\t\t\t\t\t<\/div>\n\t\t\t\t<\/div>\n\t\t\t\t\t<\/div>\n\t\t<\/div>\n\t\t\t\t\t<\/div>\n\t\t<\/section>\n\t\t\t\t<\/div>\n\t\t","protected":false},"excerpt":{"rendered":"<p>Daniel Tesa\u0159 27 let \u00a0 \/\u00a0 \u00a0\u010c.Bud\u011bjovice\u00a0 \u00a0\/\u00a0 \u00a0Freelance Ji\u017e p\u0159es 7 let se zab\u00fdv\u00e1m 2D grafikou, za tu dobu jsem nast\u0159\u00e1dal mnoho zku\u0161enost\u00ed. [&hellip;]<\/p>\n","protected":false},"author":1,"featured_media":0,"parent":0,"menu_order":0,"comment_status":"closed","ping_status":"closed","template":"page-custom.php","meta":{"footnotes":""},"class_list":["post-1718","page","type-page","status-publish","hentry"],"_links":{"self":[{"href":"https:\/\/designdaniel.cz\/index.php?rest_route=\/wp\/v2\/pages\/1718","targetHints":{"allow":["GET"]}}],"collection":[{"href":"https:\/\/designdaniel.cz\/index.php?rest_route=\/wp\/v2\/pages"}],"about":[{"href":"https:\/\/designdaniel.cz\/index.php?rest_route=\/wp\/v2\/types\/page"}],"author":[{"embeddable":true,"href":"https:\/\/designdaniel.cz\/index.php?rest_route=\/wp\/v2\/users\/1"}],"replies":[{"embeddable":true,"href":"https:\/\/designdaniel.cz\/index.php?rest_route=%2Fwp%2Fv2%2Fcomments&post=1718"}],"version-history":[{"count":0,"href":"https:\/\/designdaniel.cz\/index.php?rest_route=\/wp\/v2\/pages\/1718\/revisions"}],"wp:attachment":[{"href":"https:\/\/designdaniel.cz\/index.php?rest_route=%2Fwp%2Fv2%2Fmedia&parent=1718"}],"curies":[{"name":"wp","href":"https:\/\/api.w.org\/{rel}","templated":true}]}}